{"id":6,"date":"2023-02-03T13:46:24","date_gmt":"2023-02-03T13:46:24","guid":{"rendered":"https:\/\/www.robbemarketing.se\/?page_id=6"},"modified":"2025-01-14T13:43:14","modified_gmt":"2025-01-14T13:43:14","slug":"robbe-marketing","status":"publish","type":"page","link":"https:\/\/www.robbemarketing.se\/en\/","title":{"rendered":"Robbe Marketing"},"content":{"rendered":"<p><img decoding=\"async\" src=\"\/wp-content\/uploads\/2024\/11\/8C7A2995-fixed-scaled.jpg\" alt=\"\"><\/p>\n<div>Din marknadsf\u00f6ringskonsult!<\/div>\n<h1>Frida Robbe<\/h1>\n<div>\n<p>Letar ni efter en marknadsf\u00f6ringskonsult som kan lyfta er marknadsf\u00f6ring och hj\u00e4lpa er komma ig\u00e5ng?<\/p>\n<p>Jag \u00e4r en engagerad expert inom marknadsf\u00f6ring med stort driv och bred kompetens.<\/p>\n<p>H\u00f6r g\u00e4rna av dig s\u00e5 kommer vi fram till ett uppl\u00e4gg som passar just er!<\/p>\n<\/div>\n<ul>\n<li><a href=\"mailto:frida@robbemarketing.se\">mail<\/a>\n<\/li>\n<li><a href=\"tel:0730508635\">receiver<\/a>\n<\/li>\n<li><a href=\"https:\/\/www.linkedin.com\/in\/frida-robbe-526b5442\/\">linkedin<\/a>\n<\/li>\n<\/ul>\n<h2>Vad jag kan hj\u00e4lpa dig med<\/h2>\n<ul>\n<li>\n<p><img decoding=\"async\" src=\"\/wp-content\/uploads\/2024\/11\/frida.jpg\" alt=\"\"><\/p>\n<h3>Din marknadschef p\u00e5 deltid<\/h3>\n<div>\n<p>L\u00f6pande hj\u00e4lp, vikariat och tidsbest\u00e4mda uppdrag.<\/p>\n<\/div>\n<\/li>\n<li>\n<p><img decoding=\"async\" src=\"\/wp-content\/uploads\/2024\/11\/webb2.jpg\" alt=\"\"><\/p>\n<h3>Webb\/hemsida<\/h3>\n<div>\n<p>Ny hemsida, kravst\u00e4lla mot byr\u00e5, webbuppdateringar, SEO och leadsgenering. <\/p>\n<\/div>\n<\/li>\n<li>\n<p><img decoding=\"async\" src=\"\/wp-content\/uploads\/2024\/11\/linkedin.jpg\" alt=\"\"><\/p>\n<h3>Digital marknadsf\u00f6ring<\/h3>\n<div>\n<p>Strategi, nyhetsbrev, content creation, Linkedin, Snygga presentationer mm. <\/p>\n<\/div>\n<\/li>\n<li>\n<p><img decoding=\"async\" src=\"\/wp-content\/uploads\/2024\/11\/bok.jpg\" alt=\"\"><\/p>\n<h3>Trycksaker\/Print<\/h3>\n<div>\n<p>Broschyrer, marknadsmaterial, material till m\u00e4ssa, roll-ups och mycket mera.<\/p>\n<\/div>\n<\/li>\n<li>\n<p><img decoding=\"async\" src=\"\/wp-content\/uploads\/2024\/11\/farg-genomskinlig.png\" alt=\"\"><\/p>\n<h3>Grafisk design och profil<\/h3>\n<div>\n<p>Ny eller uppdaterad grafisk profil, logga, layout och grafisk design.<\/p>\n<\/div>\n<\/li>\n<li>\n<p><img decoding=\"async\" src=\"\/wp-content\/uploads\/2024\/11\/team.jpg\" alt=\"\"><\/p>\n<h3>Guidning och utbildning<\/h3>\n<div>\n<p>St\u00f6ttning, utbildning och support f\u00f6r ert team. <\/p>\n<\/div>\n<\/li>\n<\/ul>\n<div>\n<p style=\"text-align: center;\">Jag ser fram emot att h\u00f6ra fr\u00e5n dig!<\/p>\n<\/div>\n<p><!--more--><br \/>\n<!-- {\"type\":\"layout\",\"children\":[{\"name\":\"VCard\",\"type\":\"section\",\"props\":{\"animation\":\"slide-left-medium\",\"animation_delay\":\"200\",\"height\":\"viewport\",\"height_offset_top\":true,\"image\":\"wp-content\\\/uploads\\\/projects-bg.svg\",\"image_effect\":\"parallax\",\"image_parallax_bgx\":\"-300,-300\",\"image_parallax_bgy\":\"200,-150\",\"image_parallax_breakpoint\":\"m\",\"image_parallax_easing\":\"1\",\"image_position\":\"center-center\",\"media_visibility\":\"m\",\"padding_remove_bottom\":false,\"style\":\"default\",\"title_breakpoint\":\"xl\",\"title_position\":\"top-left\",\"title_rotation\":\"left\",\"vertical_align\":\"middle\",\"width\":\"large\"},\"children\":[{\"type\":\"row\",\"props\":{\"column_gap\":\"large\",\"divider\":false,\"layout\":\"1-2,1-2\",\"margin_remove_bottom\":false,\"margin_remove_top\":false,\"row_gap\":\"large\",\"vertical_align\":true},\"children\":[{\"type\":\"column\",\"props\":{\"image_effect\":\"parallax\",\"image_parallax_easing\":\"1\",\"image_position\":\"top-left\",\"position_sticky_breakpoint\":\"m\",\"width_medium\":\"1-2\"},\"children\":[{\"type\":\"image\",\"props\":{\"image\":\"wp-content\\\/uploads\\\/2024\\\/11\\\/8C7A2995-fixed-scaled.jpg\",\"image_height\":\"700\",\"image_svg_color\":\"emphasis\",\"image_width\":\"600\",\"margin\":\"\",\"margin_remove_bottom\":false,\"margin_remove_top\":false,\"text_align\":\"left\",\"text_align_breakpoint\":\"m\",\"text_align_fallback\":\"center\"}}]},{\"type\":\"column\",\"props\":{\"image_position\":\"top-left\",\"image_width\":\"300\",\"media_overlay\":\"rgba(255, 255, 255, 0.54)\",\"position_sticky_breakpoint\":\"m\",\"vertical_align\":\"middle\",\"width_medium\":\"1-2\"},\"children\":[{\"type\":\"headline\",\"props\":{\"content\":\"Din marknadsf\\u00f6ringskonsult!\",\"margin\":\"small\",\"margin_remove_bottom\":false,\"margin_remove_top\":false,\"title_color\":\"primary\",\"title_element\":\"div\",\"title_style\":\"h6\"}},{\"type\":\"headline\",\"props\":{\"content\":\"Frida Robbe\",\"margin_remove_bottom\":false,\"margin_remove_top\":true,\"text_align\":\"left\",\"title_element\":\"h1\",\"title_style\":\"heading-medium\"}},{\"type\":\"text\",\"props\":{\"column_breakpoint\":\"m\",\"content\":\"\n\n<p>Letar ni efter en marknadsf\\u00f6ringskonsult som kan lyfta er marknadsf\\u00f6ring och hj\\u00e4lpa er komma ig\\u00e5ng?<\\\/p>\\n\n\n<p>Jag \\u00e4r en engagerad expert inom marknadsf\\u00f6ring med stort driv och bred kompetens.<\\\/p>\\n\n\n<p>H\\u00f6r g\\u00e4rna av dig s\\u00e5 kommer vi fram till ett uppl\\u00e4gg som passar just er!<\\\/p>\",\"margin\":\"large\",\"maxwidth\":\"2xlarge\",\"text_style\":\"large\"}},{\"type\":\"social\",\"props\":{\"grid\":\"horizontal\",\"grid_column_gap\":\"small\",\"grid_row_gap\":\"small\",\"image_svg_inline\":true,\"link_style\":\"link\",\"link_target\":true,\"margin\":\"large\"},\"children\":[{\"type\":\"social_item\",\"props\":{\"link\":\"mailto:frida@robbemarketing.se\"}},{\"type\":\"social_item\",\"props\":{\"link\":\"tel:0730508635\"}},{\"type\":\"social_item\",\"props\":{\"link\":\"https:\\\/\\\/www.linkedin.com\\\/in\\\/frida-robbe-526b5442\\\/\"}}]}]}]}]},{\"name\":\"Associated Projects\",\"type\":\"section\",\"props\":{\"animation\":\"fade\",\"image_position\":\"center-center\",\"padding\":\"xlarge\",\"padding_remove_top\":true,\"style\":\"default\",\"title_breakpoint\":\"xl\",\"title_position\":\"top-left\",\"title_rotation\":\"left\",\"vertical_align\":\"\",\"width\":\"large\"},\"children\":[{\"type\":\"row\",\"props\":{\"margin\":\"xlarge\",\"margin_remove_bottom\":false,\"width\":\"xlarge\"},\"children\":[{\"type\":\"column\",\"props\":{\"image_position\":\"center-center\",\"position_sticky_breakpoint\":\"m\",\"width_medium\":\"1-1\"},\"children\":[{\"type\":\"headline\",\"props\":{\"content\":\"Vad jag kan hj\\u00e4lpa dig med\",\"margin\":\"medium\",\"margin_remove_bottom\":false,\"margin_remove_top\":false,\"text_align\":\"left\",\"title_element\":\"h2\"}},{\"type\":\"grid\",\"props\":{\"content_column_breakpoint\":\"m\",\"filter_align\":\"left\",\"filter_all\":true,\"filter_grid_breakpoint\":\"m\",\"filter_grid_width\":\"auto\",\"filter_position\":\"top\",\"filter_style\":\"tab\",\"grid_default\":\"1\",\"grid_medium\":\"3\",\"icon_width\":80,\"image_align\":\"top\",\"image_grid_breakpoint\":\"m\",\"image_grid_width\":\"1-2\",\"image_svg_color\":\"emphasis\",\"item_animation\":true,\"link_style\":\"default\",\"link_text\":\"Read more\",\"margin\":\"default\",\"meta_align\":\"below-title\",\"meta_element\":\"div\",\"meta_style\":\"text-meta\",\"show_content\":true,\"show_image\":true,\"show_link\":true,\"show_meta\":true,\"show_title\":true,\"title_align\":\"top\",\"title_element\":\"h3\",\"title_grid_breakpoint\":\"m\",\"title_grid_width\":\"1-2\",\"title_hover_style\":\"reset\"},\"children\":[{\"type\":\"grid_item\",\"props\":{\"content\":\"\n\n<p>L\\u00f6pande hj\\u00e4lp, vikariat och tidsbest\\u00e4mda uppdrag.<\\\/p>\",\"image\":\"wp-content\\\/uploads\\\/2024\\\/11\\\/frida.jpg\",\"title\":\"Din marknadschef p\\u00e5 deltid\"}},{\"type\":\"grid_item\",\"props\":{\"content\":\"\n\n<p>Ny hemsida, kravst\\u00e4lla mot byr\\u00e5, webbuppdateringar, SEO och leadsgenering. <\\\/p>\",\"image\":\"wp-content\\\/uploads\\\/2024\\\/11\\\/webb2.jpg\",\"title\":\"Webb\\\/hemsida\"}},{\"type\":\"grid_item\",\"props\":{\"content\":\"\n\n<p>Strategi, nyhetsbrev, content creation, Linkedin, Snygga presentationer mm. <\\\/p>\",\"image\":\"wp-content\\\/uploads\\\/2024\\\/11\\\/linkedin.jpg\",\"title\":\"Digital marknadsf\\u00f6ring\"}},{\"type\":\"grid_item\",\"props\":{\"content\":\"\n\n<p>Broschyrer, marknadsmaterial, material till m\\u00e4ssa, roll-ups och mycket mera.<\\\/p>\",\"image\":\"wp-content\\\/uploads\\\/2024\\\/11\\\/bok.jpg\",\"title\":\"Trycksaker\\\/Print\"}},{\"type\":\"grid_item\",\"props\":{\"content\":\"\n\n<p>Ny eller uppdaterad grafisk profil, logga, layout och grafisk design.<\\\/p>\",\"image\":\"wp-content\\\/uploads\\\/2024\\\/11\\\/farg-genomskinlig.png\",\"title\":\"Grafisk design och profil\"}},{\"type\":\"grid_item\",\"props\":{\"content\":\"\n\n<p>St\\u00f6ttning, utbildning och support f\\u00f6r ert team. <\\\/p>\",\"image\":\"wp-content\\\/uploads\\\/2024\\\/11\\\/team.jpg\",\"title\":\"Guidning och utbildning\"}}]}]}]}]},{\"type\":\"section\",\"props\":{\"image_position\":\"center-center\",\"padding_remove_top\":true,\"style\":\"default\",\"title_breakpoint\":\"xl\",\"title_position\":\"top-left\",\"title_rotation\":\"left\",\"vertical_align\":\"middle\",\"width\":\"default\"},\"children\":[{\"type\":\"row\",\"children\":[{\"type\":\"column\",\"props\":{\"image_position\":\"center-center\",\"position_sticky_breakpoint\":\"m\"},\"children\":[{\"type\":\"text\",\"props\":{\"column_breakpoint\":\"m\",\"content\":\"\n\n<p style=\\\"text-align: center;\\\">Jag ser fram emot att h\\u00f6ra fr\\u00e5n dig!<\\\/p>\",\"margin\":\"default\"}}]}]}]}],\"version\":\"4.4.20\"} --><\/p>\n","protected":false},"excerpt":{"rendered":"<p>Din marknadsf\u00f6ringskonsult! Frida Robbe Letar ni efter en marknadsf\u00f6ringskonsult som kan lyfta er marknadsf\u00f6ring och hj\u00e4lpa er komma ig\u00e5ng? Jag \u00e4r en engagerad expert inom marknadsf\u00f6ring med stort driv och bred kompetens. H\u00f6r g\u00e4rna av dig s\u00e5 kommer vi fram till ett uppl\u00e4gg som passar just er! mail receiver linkedin Vad jag kan hj\u00e4lpa dig [&hellip;]<\/p>\n","protected":false},"author":1,"featured_media":123,"parent":0,"menu_order":0,"comment_status":"closed","ping_status":"closed","template":"","meta":{"footnotes":""},"class_list":["post-6","page","type-page","status-publish","has-post-thumbnail","hentry"],"_links":{"self":[{"href":"https:\/\/www.robbemarketing.se\/en\/wp-json\/wp\/v2\/pages\/6","targetHints":{"allow":["GET"]}}],"collection":[{"href":"https:\/\/www.robbemarketing.se\/en\/wp-json\/wp\/v2\/pages"}],"about":[{"href":"https:\/\/www.robbemarketing.se\/en\/wp-json\/wp\/v2\/types\/page"}],"author":[{"embeddable":true,"href":"https:\/\/www.robbemarketing.se\/en\/wp-json\/wp\/v2\/users\/1"}],"replies":[{"embeddable":true,"href":"https:\/\/www.robbemarketing.se\/en\/wp-json\/wp\/v2\/comments?post=6"}],"version-history":[{"count":121,"href":"https:\/\/www.robbemarketing.se\/en\/wp-json\/wp\/v2\/pages\/6\/revisions"}],"predecessor-version":[{"id":240,"href":"https:\/\/www.robbemarketing.se\/en\/wp-json\/wp\/v2\/pages\/6\/revisions\/240"}],"wp:featuredmedia":[{"embeddable":true,"href":"https:\/\/www.robbemarketing.se\/en\/wp-json\/wp\/v2\/media\/123"}],"wp:attachment":[{"href":"https:\/\/www.robbemarketing.se\/en\/wp-json\/wp\/v2\/media?parent=6"}],"curies":[{"name":"wp","href":"https:\/\/api.w.org\/{rel}","templated":true}]}}